{"id":63,"date":"2025-01-15T20:53:39","date_gmt":"2025-01-15T23:53:39","guid":{"rendered":"https:\/\/www.home-art-home.com\/librosdelosabuelos\/?post_type=product&#038;p=63"},"modified":"2026-04-13T21:24:26","modified_gmt":"2026-04-14T00:24:26","slug":"el-libro-del-abuelo","status":"publish","type":"product","link":"https:\/\/www.home-art-home.com\/librosdelosabuelos\/producto\/el-libro-del-abuelo\/","title":{"rendered":"El libro del abuelo"},"content":{"rendered":"<h5 style=\"text-align: center;\">&#8220;Un regalo que durar\u00e1 para siempre&#8221;<\/h5>\n<p>&nbsp;<\/p>\n<p style=\"text-align: justify;\">Las historias del abuelo, un tesoro para conservar. El libro del \u201cABUELO\u201d es un libro para completar.<\/p>\n<p>&nbsp;<\/p>\n<p style=\"text-align: justify;\">El libro est\u00e1 dividido en dos partes. La primera tiene preguntas que servir\u00e1n como gu\u00eda o punto de partida en este viaje por las vidas, sue\u00f1os y recuerdos de los abuelos. La segunda mitad tiene p\u00e1ginas sin preguntas para que ampl\u00eden detalles de alguna pregunta de las que quisieran contar m\u00e1s, o que escriban nuevas historias para recordar, o \u00a0para que escriban libremente, peguen recuerdos fotos, o lo que haga m\u00e1s \u00fanica su historia.<\/p>\n<p>&nbsp;<\/p>\n<p style=\"text-align: justify;\">Adem\u00e1s de un hermoso dise\u00f1o, este libro est\u00e1 hecho con materiales de excelente calidad. Es de\u00a0 tapa dura y tiene una protecci\u00f3n laminada. Las hojas de opalina de 250gr permitir\u00e1n que pegues fotos, dibujos, recuerdos o lo que desees y se mantengan en buen estado. Tambi\u00e9n tiene hojas de papel de ca\u00f1a reciclado. El laminado de la tapa y el doble anillado met\u00e1lico ayudaran a tener un libro resistente que acompa\u00f1e la historia de las familias.<\/p>\n<p>&nbsp;<\/p>\n<p style=\"text-align: justify;\">Con los libros de los abuelos, recordamos que el amor no es gen\u00e9rico,\u00a0 que la vida nos atraviesa, y somos parte de la vida de alguien m\u00e1s. Cada historia es \u00fanica\u00a0 y que mejor que contarla con tus propias palabras, y escribirla con tus propias manos.<\/p>\n<p>&nbsp;<\/p>\n<p style=\"text-align: center;\"><em>&#8220;\u00c9ste libro ser\u00e1 un gran viaje que compartir\u00e1n Abuelos y Nietos con an\u00e9cdotas inolvidables y los m\u00e1s lindos recuerdos&#8221;<\/em><\/p>\n<p>&nbsp;<\/p>\n<h6>Aqu\u00ed los detalles m\u00e1s t\u00e9cnicos del libro:<\/h6>\n<ul>\n<li>Tapa dura con laminado brillante.<\/li>\n<li>180 p\u00e1ginas en total. 40 hojas opalina 250gr y 50 hojas papel de ca\u00f1a 80gr.<\/li>\n<li>Tama\u00f1o A5 (25x17cm).<\/li>\n<li>Anillado doble met\u00e1lico.<\/li>\n<\/ul>\n","protected":false},"excerpt":{"rendered":"<p>Tapa dura con laminado brillante, 180 p\u00e1ginas, Tama\u00f1o A5 (25&#215;17), Anillado doble met\u00e1lico.<\/p>\n","protected":false},"featured_media":71,"comment_status":"closed","ping_status":"closed","template":"","meta":[],"product_cat":[16],"product_tag":[],"class_list":{"0":"post-63","1":"product","2":"type-product","3":"status-publish","4":"has-post-thumbnail","6":"product_cat-libros","8":"first","9":"instock","10":"shipping-taxable","11":"purchasable","12":"product-type-simple"},"aioseo_notices":[],"_links":{"self":[{"href":"https:\/\/www.home-art-home.com\/librosdelosabuelos\/wp-json\/wp\/v2\/product\/63","targetHints":{"allow":["GET"]}}],"collection":[{"href":"https:\/\/www.home-art-home.com\/librosdelosabuelos\/wp-json\/wp\/v2\/product"}],"about":[{"href":"https:\/\/www.home-art-home.com\/librosdelosabuelos\/wp-json\/wp\/v2\/types\/product"}],"replies":[{"embeddable":true,"href":"https:\/\/www.home-art-home.com\/librosdelosabuelos\/wp-json\/wp\/v2\/comments?post=63"}],"wp:featuredmedia":[{"embeddable":true,"href":"https:\/\/www.home-art-home.com\/librosdelosabuelos\/wp-json\/wp\/v2\/media\/71"}],"wp:attachment":[{"href":"https:\/\/www.home-art-home.com\/librosdelosabuelos\/wp-json\/wp\/v2\/media?parent=63"}],"wp:term":[{"taxonomy":"product_cat","embeddable":true,"href":"https:\/\/www.home-art-home.com\/librosdelosabuelos\/wp-json\/wp\/v2\/product_cat?post=63"},{"taxonomy":"product_tag","embeddable":true,"href":"https:\/\/www.home-art-home.com\/librosdelosabuelos\/wp-json\/wp\/v2\/product_tag?post=63"}],"curies":[{"name":"wp","href":"https:\/\/api.w.org\/{rel}","templated":true}]}}