{"id":485,"date":"2025-09-22T21:04:36","date_gmt":"2025-09-23T00:04:36","guid":{"rendered":"https:\/\/www.home-art-home.com\/librosdelosabuelos\/?post_type=product&#038;p=485"},"modified":"2026-04-06T23:15:03","modified_gmt":"2026-04-07T02:15:03","slug":"mi-ultimo-regalo","status":"publish","type":"product","link":"https:\/\/www.home-art-home.com\/librosdelosabuelos\/producto\/mi-ultimo-regalo\/","title":{"rendered":"Mi \u00faltimo regalo"},"content":{"rendered":"<h5 style=\"text-align: center;\">&#8220;UNA MUERTE ORDENADA ES UN ACTO DE GENEROSIDAD&#8221;<\/h5>\n<p>&nbsp;<\/p>\n<p>Mi \u00daltimo Regalo es un libro para quienes quieren hablar del final sin tragedia ni drama. Con humor, amor y una pizca de organizaci\u00f3n, invita a dejar todo lo importante bien claro: deseos, recuerdos, secretos (los confesables), y hasta qui\u00e9n se queda con el gato o la receta de empanadas.<\/p>\n<p>&nbsp;<\/p>\n<p>En sus p\u00e1ginas vas a encontrar:<\/p>\n<ul>\n<li>Espacios para anotar informaci\u00f3n \u00fatil (documentos, cuentas, contactos).<\/li>\n<li>Preguntas para reflexionar y dejar mensajes personales.<\/li>\n<li>Hojas para completar, arrancar, regalar y guardar.<\/li>\n<li>Lugares para escribir an\u00e9cdotas, despedidas o simples ocurrencias.<\/li>\n<\/ul>\n<p>&nbsp;<\/p>\n<p>Este libro no es solo sobre la muerte, sino sobre la vida bien vivida. Porque hablar de la despedida no nos mata: nos ordena, nos alivia y, muchas veces, nos arranca una sonrisa. Y si alguna l\u00e1grima se escapa, que venga acompa\u00f1ada de una carcajada.<\/p>\n<p>&nbsp;<\/p>\n<p style=\"text-align: center;\"><em>&#8220;Un acto de amor en vida, para los que siguen el viaje: dejar organizado lo esencial y, sobre todo, un pedacito de nuestra voz para siempre&#8221;<\/em><\/p>\n<p>&nbsp;<\/p>\n<h6>Aqu\u00ed los detalles m\u00e1s t\u00e9cnicos del libro:<\/h6>\n<ul>\n<li>Tapa blanda con laminado brillante.<\/li>\n<li>224 p\u00e1ginas en total.<\/li>\n<li>Tipo de encuadernaci\u00f3n Binder.<\/li>\n<li>Tama\u00f1o 14,5 x 1,5 x 21cm.<\/li>\n<li>Peso 230 gr.<\/li>\n<\/ul>\n","protected":false},"excerpt":{"rendered":"<p>&#8220;UNA MUERTE ORDENADA ES UN ACTO DE GENEROSIDAD&#8221; &nbsp; Mi \u00daltimo Regalo es un libro para quienes quieren hablar del final sin tragedia ni drama. Con humor, amor y una pizca de organizaci\u00f3n, invita a dejar todo lo importante bien claro: deseos, recuerdos, secretos (los confesables), y hasta qui\u00e9n se &hellip;<\/p>\n","protected":false},"featured_media":483,"comment_status":"closed","ping_status":"closed","template":"","meta":[],"product_cat":[16],"product_tag":[],"class_list":{"0":"post-485","1":"product","2":"type-product","3":"status-publish","4":"has-post-thumbnail","6":"product_cat-libros","8":"first","9":"instock","10":"shipping-taxable","11":"purchasable","12":"product-type-simple"},"aioseo_notices":[],"_links":{"self":[{"href":"https:\/\/www.home-art-home.com\/librosdelosabuelos\/wp-json\/wp\/v2\/product\/485","targetHints":{"allow":["GET"]}}],"collection":[{"href":"https:\/\/www.home-art-home.com\/librosdelosabuelos\/wp-json\/wp\/v2\/product"}],"about":[{"href":"https:\/\/www.home-art-home.com\/librosdelosabuelos\/wp-json\/wp\/v2\/types\/product"}],"replies":[{"embeddable":true,"href":"https:\/\/www.home-art-home.com\/librosdelosabuelos\/wp-json\/wp\/v2\/comments?post=485"}],"wp:featuredmedia":[{"embeddable":true,"href":"https:\/\/www.home-art-home.com\/librosdelosabuelos\/wp-json\/wp\/v2\/media\/483"}],"wp:attachment":[{"href":"https:\/\/www.home-art-home.com\/librosdelosabuelos\/wp-json\/wp\/v2\/media?parent=485"}],"wp:term":[{"taxonomy":"product_cat","embeddable":true,"href":"https:\/\/www.home-art-home.com\/librosdelosabuelos\/wp-json\/wp\/v2\/product_cat?post=485"},{"taxonomy":"product_tag","embeddable":true,"href":"https:\/\/www.home-art-home.com\/librosdelosabuelos\/wp-json\/wp\/v2\/product_tag?post=485"}],"curies":[{"name":"wp","href":"https:\/\/api.w.org\/{rel}","templated":true}]}}