{"id":144,"date":"2025-01-15T23:20:54","date_gmt":"2025-01-16T02:20:54","guid":{"rendered":"https:\/\/www.home-art-home.com\/librosdelosabuelos\/?page_id=144"},"modified":"2025-01-16T13:57:29","modified_gmt":"2025-01-16T16:57:29","slug":"por-que-regalar","status":"publish","type":"page","link":"https:\/\/www.home-art-home.com\/librosdelosabuelos\/","title":{"rendered":"\u00bfPor qu\u00e9 regalar este libro?"},"content":{"rendered":"<p style=\"text-align: justify;\"><span style=\"color: #808080;\"><img loading=\"lazy\" decoding=\"async\" class=\"alignright size-full wp-image-90\" src=\"https:\/\/www.home-art-home.com\/librosdelosabuelos\/wp-content\/uploads\/2025\/01\/pajaros.png\" alt=\"\" width=\"79\" height=\"120\" \/>&#8220;Es hermoso saber que un regalo fue exclusivamente pensado, dise\u00f1ado y hecho para nosotros. Nos recuerda que el amor no es gen\u00e9rico, que la vida nos atraviesa y somos parte de la vida de alguien m\u00e1s&#8221;<\/span><\/p>\n","protected":false},"excerpt":{"rendered":"<p>&#8220;Es hermoso saber que un regalo fue exclusivamente pensado, dise\u00f1ado y hecho para nosotros. Nos recuerda que el amor no es gen\u00e9rico, que la vida nos atraviesa y somos parte de la vida de alguien m\u00e1s&#8221;<\/p>\n","protected":false},"author":1,"featured_media":0,"parent":0,"menu_order":0,"comment_status":"closed","ping_status":"closed","template":"","meta":{"footnotes":""},"class_list":["post-144","page","type-page","status-publish","hentry"],"aioseo_notices":[],"_links":{"self":[{"href":"https:\/\/www.home-art-home.com\/librosdelosabuelos\/wp-json\/wp\/v2\/pages\/144","targetHints":{"allow":["GET"]}}],"collection":[{"href":"https:\/\/www.home-art-home.com\/librosdelosabuelos\/wp-json\/wp\/v2\/pages"}],"about":[{"href":"https:\/\/www.home-art-home.com\/librosdelosabuelos\/wp-json\/wp\/v2\/types\/page"}],"author":[{"embeddable":true,"href":"https:\/\/www.home-art-home.com\/librosdelosabuelos\/wp-json\/wp\/v2\/users\/1"}],"replies":[{"embeddable":true,"href":"https:\/\/www.home-art-home.com\/librosdelosabuelos\/wp-json\/wp\/v2\/comments?post=144"}],"version-history":[{"count":6,"href":"https:\/\/www.home-art-home.com\/librosdelosabuelos\/wp-json\/wp\/v2\/pages\/144\/revisions"}],"predecessor-version":[{"id":211,"href":"https:\/\/www.home-art-home.com\/librosdelosabuelos\/wp-json\/wp\/v2\/pages\/144\/revisions\/211"}],"wp:attachment":[{"href":"https:\/\/www.home-art-home.com\/librosdelosabuelos\/wp-json\/wp\/v2\/media?parent=144"}],"curies":[{"name":"wp","href":"https:\/\/api.w.org\/{rel}","templated":true}]}}